{"id":566,"date":"2021-06-07T08:13:41","date_gmt":"2021-06-07T06:13:41","guid":{"rendered":"https:\/\/epowerunit.com\/discover\/"},"modified":"2022-05-05T12:16:41","modified_gmt":"2022-05-05T10:16:41","slug":"entdecke","status":"publish","type":"page","link":"https:\/\/epowerunit.com\/de\/entdecke\/","title":{"rendered":"Entdecke"},"content":{"rendered":"<p>Die ePowerunit hat unz\u00e4hlige Anwendungsm\u00f6glichkeiten. Kurz gesagt: \u00dcberall dort, wo normalerweise ein Dieselgenerator zum Einsatz kommt, hier jedoch ohne Emissionen, Dieselverbrauch und L\u00e4rmbel\u00e4stigung.<\/p>\n<p>Aufgrund der Stickstoffkrise besteht nun eine stark steigende Nachfrage nach L\u00f6sungen mit weniger CO2. Es gibt immer mehr Projekte und Veranstaltungen, bei denen L\u00f6sungen mit keinen oder nur geringen Emissionen gefordert werden. Ein gutes Abschneiden auf der CO2-Leistungsleiter verschafft Ihnen einen Vorsprung bei Ausschreibungen.<\/p>\n","protected":false},"excerpt":{"rendered":"Die ePowerunit hat unz\u00e4hlige Anwendungsm\u00f6glichkeiten. Kurz gesagt: \u00dcberall dort, wo normalerweise ein Dieselgenerator zum Einsatz kommt, hier jedoch ohne Emissionen, Dieselverbrauch und L\u00e4rmbel\u00e4stigung. Aufgrund der Stickstoffkrise besteht nun eine stark steigende Nachfrage nach L\u00f6sungen mit weniger CO2. Es gibt immer mehr Projekte und Veranstaltungen, bei denen L\u00f6sungen mit keinen oder nur geringen Emissionen gefordert werden&#8230;. <a class=\"view-article\" href=\"https:\/\/epowerunit.com\/de\/entdecke\/\">Artikel ansehen<\/a>","protected":false},"author":1,"featured_media":0,"parent":0,"menu_order":0,"comment_status":"closed","ping_status":"closed","template":"","meta":{"footnotes":""},"class_list":["post-566","page","type-page","status-publish","hentry"],"acf":[],"yoast_head":"<!-- This site is optimized with the Yoast SEO plugin v27.5 - https:\/\/yoast.com\/product\/yoast-seo-wordpress\/ -->\n<title>Entdecke - E-PowerUnit<\/title>\n<meta name=\"robots\" content=\"index, follow, max-snippet:-1, max-image-preview:large, max-video-preview:-1\" \/>\n<link rel=\"canonical\" href=\"https:\/\/epowerunit.com\/discover\/\" \/>\n<meta property=\"og:locale\" content=\"de_DE\" \/>\n<meta property=\"og:type\" content=\"article\" \/>\n<meta property=\"og:title\" content=\"Entdecke - E-PowerUnit\" \/>\n<meta property=\"og:description\" content=\"Die ePowerunit hat unz\u00e4hlige Anwendungsm\u00f6glichkeiten. Kurz gesagt: \u00dcberall dort, wo normalerweise ein Dieselgenerator zum Einsatz kommt, hier jedoch ohne Emissionen, Dieselverbrauch und L\u00e4rmbel\u00e4stigung. Aufgrund der Stickstoffkrise besteht nun eine stark steigende Nachfrage nach L\u00f6sungen mit weniger CO2. Es gibt immer mehr Projekte und Veranstaltungen, bei denen L\u00f6sungen mit keinen oder nur geringen Emissionen gefordert werden.... Artikel ansehen\" \/>\n<meta property=\"og:url\" content=\"https:\/\/epowerunit.com\/discover\/\" \/>\n<meta property=\"og:site_name\" content=\"E-PowerUnit\" \/>\n<meta property=\"article:modified_time\" content=\"2022-05-05T10:16:41+00:00\" \/>\n<meta name=\"twitter:card\" content=\"summary_large_image\" \/>\n<script type=\"application\/ld+json\" class=\"yoast-schema-graph\">{\"@context\":\"https:\\\/\\\/schema.org\",\"@graph\":[{\"@type\":\"WebPage\",\"@id\":\"https:\\\/\\\/epowerunit.com\\\/discover\\\/\",\"url\":\"https:\\\/\\\/epowerunit.com\\\/discover\\\/\",\"name\":\"Entdecke - E-PowerUnit\",\"isPartOf\":{\"@id\":\"https:\\\/\\\/epowerunit.com\\\/#website\"},\"datePublished\":\"2021-06-07T06:13:41+00:00\",\"dateModified\":\"2022-05-05T10:16:41+00:00\",\"breadcrumb\":{\"@id\":\"https:\\\/\\\/epowerunit.com\\\/discover\\\/#breadcrumb\"},\"inLanguage\":\"de\",\"potentialAction\":[{\"@type\":\"ReadAction\",\"target\":[\"https:\\\/\\\/epowerunit.com\\\/discover\\\/\"]}]},{\"@type\":\"BreadcrumbList\",\"@id\":\"https:\\\/\\\/epowerunit.com\\\/discover\\\/#breadcrumb\",\"itemListElement\":[{\"@type\":\"ListItem\",\"position\":1,\"name\":\"Home\",\"item\":\"https:\\\/\\\/epowerunit.com\\\/de\\\/\"},{\"@type\":\"ListItem\",\"position\":2,\"name\":\"Entdecke\"}]},{\"@type\":\"WebSite\",\"@id\":\"https:\\\/\\\/epowerunit.com\\\/#website\",\"url\":\"https:\\\/\\\/epowerunit.com\\\/\",\"name\":\"E-PowerUnit\",\"description\":\"\",\"publisher\":{\"@id\":\"https:\\\/\\\/epowerunit.com\\\/#organization\"},\"potentialAction\":[{\"@type\":\"SearchAction\",\"target\":{\"@type\":\"EntryPoint\",\"urlTemplate\":\"https:\\\/\\\/epowerunit.com\\\/?s={search_term_string}\"},\"query-input\":{\"@type\":\"PropertyValueSpecification\",\"valueRequired\":true,\"valueName\":\"search_term_string\"}}],\"inLanguage\":\"de\"},{\"@type\":\"Organization\",\"@id\":\"https:\\\/\\\/epowerunit.com\\\/#organization\",\"name\":\"E-powerunit\",\"url\":\"https:\\\/\\\/epowerunit.com\\\/\",\"logo\":{\"@type\":\"ImageObject\",\"inLanguage\":\"de\",\"@id\":\"https:\\\/\\\/epowerunit.com\\\/#\\\/schema\\\/logo\\\/image\\\/\",\"url\":\"https:\\\/\\\/epowerunit.com\\\/wp-content\\\/uploads\\\/2021\\\/07\\\/e-powerunit-logo.svg\",\"contentUrl\":\"https:\\\/\\\/epowerunit.com\\\/wp-content\\\/uploads\\\/2021\\\/07\\\/e-powerunit-logo.svg\",\"width\":232,\"height\":38,\"caption\":\"E-powerunit\"},\"image\":{\"@id\":\"https:\\\/\\\/epowerunit.com\\\/#\\\/schema\\\/logo\\\/image\\\/\"}}]}<\/script>\n<!-- \/ Yoast SEO plugin. -->","yoast_head_json":{"title":"Entdecke - E-PowerUnit","robots":{"index":"index","follow":"follow","max-snippet":"max-snippet:-1","max-image-preview":"max-image-preview:large","max-video-preview":"max-video-preview:-1"},"canonical":"https:\/\/epowerunit.com\/discover\/","og_locale":"de_DE","og_type":"article","og_title":"Entdecke - E-PowerUnit","og_description":"Die ePowerunit hat unz\u00e4hlige Anwendungsm\u00f6glichkeiten. Kurz gesagt: \u00dcberall dort, wo normalerweise ein Dieselgenerator zum Einsatz kommt, hier jedoch ohne Emissionen, Dieselverbrauch und L\u00e4rmbel\u00e4stigung. Aufgrund der Stickstoffkrise besteht nun eine stark steigende Nachfrage nach L\u00f6sungen mit weniger CO2. Es gibt immer mehr Projekte und Veranstaltungen, bei denen L\u00f6sungen mit keinen oder nur geringen Emissionen gefordert werden.... Artikel ansehen","og_url":"https:\/\/epowerunit.com\/discover\/","og_site_name":"E-PowerUnit","article_modified_time":"2022-05-05T10:16:41+00:00","twitter_card":"summary_large_image","schema":{"@context":"https:\/\/schema.org","@graph":[{"@type":"WebPage","@id":"https:\/\/epowerunit.com\/discover\/","url":"https:\/\/epowerunit.com\/discover\/","name":"Entdecke - E-PowerUnit","isPartOf":{"@id":"https:\/\/epowerunit.com\/#website"},"datePublished":"2021-06-07T06:13:41+00:00","dateModified":"2022-05-05T10:16:41+00:00","breadcrumb":{"@id":"https:\/\/epowerunit.com\/discover\/#breadcrumb"},"inLanguage":"de","potentialAction":[{"@type":"ReadAction","target":["https:\/\/epowerunit.com\/discover\/"]}]},{"@type":"BreadcrumbList","@id":"https:\/\/epowerunit.com\/discover\/#breadcrumb","itemListElement":[{"@type":"ListItem","position":1,"name":"Home","item":"https:\/\/epowerunit.com\/de\/"},{"@type":"ListItem","position":2,"name":"Entdecke"}]},{"@type":"WebSite","@id":"https:\/\/epowerunit.com\/#website","url":"https:\/\/epowerunit.com\/","name":"E-PowerUnit","description":"","publisher":{"@id":"https:\/\/epowerunit.com\/#organization"},"potentialAction":[{"@type":"SearchAction","target":{"@type":"EntryPoint","urlTemplate":"https:\/\/epowerunit.com\/?s={search_term_string}"},"query-input":{"@type":"PropertyValueSpecification","valueRequired":true,"valueName":"search_term_string"}}],"inLanguage":"de"},{"@type":"Organization","@id":"https:\/\/epowerunit.com\/#organization","name":"E-powerunit","url":"https:\/\/epowerunit.com\/","logo":{"@type":"ImageObject","inLanguage":"de","@id":"https:\/\/epowerunit.com\/#\/schema\/logo\/image\/","url":"https:\/\/epowerunit.com\/wp-content\/uploads\/2021\/07\/e-powerunit-logo.svg","contentUrl":"https:\/\/epowerunit.com\/wp-content\/uploads\/2021\/07\/e-powerunit-logo.svg","width":232,"height":38,"caption":"E-powerunit"},"image":{"@id":"https:\/\/epowerunit.com\/#\/schema\/logo\/image\/"}}]}},"_links":{"self":[{"href":"https:\/\/epowerunit.com\/de\/wp-json\/wp\/v2\/pages\/566","targetHints":{"allow":["GET"]}}],"collection":[{"href":"https:\/\/epowerunit.com\/de\/wp-json\/wp\/v2\/pages"}],"about":[{"href":"https:\/\/epowerunit.com\/de\/wp-json\/wp\/v2\/types\/page"}],"author":[{"embeddable":true,"href":"https:\/\/epowerunit.com\/de\/wp-json\/wp\/v2\/users\/1"}],"replies":[{"embeddable":true,"href":"https:\/\/epowerunit.com\/de\/wp-json\/wp\/v2\/comments?post=566"}],"version-history":[{"count":4,"href":"https:\/\/epowerunit.com\/de\/wp-json\/wp\/v2\/pages\/566\/revisions"}],"predecessor-version":[{"id":642,"href":"https:\/\/epowerunit.com\/de\/wp-json\/wp\/v2\/pages\/566\/revisions\/642"}],"wp:attachment":[{"href":"https:\/\/epowerunit.com\/de\/wp-json\/wp\/v2\/media?parent=566"}],"curies":[{"name":"wp","href":"https:\/\/api.w.org\/{rel}","templated":true}]}}